{"id":25,"date":"2023-11-26T13:38:12","date_gmt":"2023-11-26T16:38:12","guid":{"rendered":"https:\/\/parceiros.projetosintese.com.br\/?page_id=25"},"modified":"2024-01-26T20:00:50","modified_gmt":"2024-01-26T23:00:50","slug":"bem-vindo","status":"publish","type":"page","link":"https:\/\/parceiros.projetosintese.com.br\/","title":{"rendered":"Bem-Vindo"},"content":{"rendered":"\n<p><\/p>\n\n\n\n<p>Este \u00e9 um espa\u00e7o totalmente dedicado a voc\u00ea que \u00e9 empres\u00e1rio ou profissional liberal, que valoriza a atividade policial e os membros da seguran\u00e7a p\u00fablica. <\/p>\n\n\n\n<p>Somos uma rede com mais de <strong>700 mil servidores<\/strong> distribu\u00eddos por todo o pa\u00eds, e como cidad\u00e3os, consumimos toda gama de produtos e servi\u00e7os, gerando receita, e tamb\u00e9m ajudando a criar renda e empregos na regi\u00e3o que atuamos.<\/p>\n\n\n\n<p>Informamos que <strong>n\u00e3o pedimos nenhuma contrapartida financeira para o projeto<\/strong>, mas sim, o maior desconto poss\u00edvel para o associado.<\/p>\n\n\n\n<p>Seja parceiro do <strong>Projeto S\u00edntese<\/strong> e amplie ainda mais sua carteira de clientes.<\/p>\n\n\n\n<div class=\"wp-block-buttons is-layout-flex wp-block-buttons-is-layout-flex\">\n<div class=\"wp-block-button\"><a class=\"wp-block-button__link wp-element-button\" href=\"https:\/\/parceiros.projetosintese.com.br\/?page_id=39\">Aderir ao Projeto<\/a><\/div>\n<\/div>\n\n\n\n<p><\/p>\n\n\n\n<p class=\"has-text-align-center\">Parceiros<\/p>\n\n\n\n<div class=\"wp-block-columns is-layout-flex wp-container-core-columns-layout-1 wp-block-columns-is-layout-flex\">\n<div class=\"wp-block-column is-layout-flow wp-block-column-is-layout-flow\">\n<figure class=\"wp-block-image size-full is-resized\"><a href=\"https:\/\/www.globalinsurance.com.br\/\"><img loading=\"lazy\" decoding=\"async\" width=\"945\" height=\"874\" src=\"https:\/\/parceiros.projetosintese.com.br\/wp-content\/uploads\/2024\/01\/Global-Insurance.fw_.png\" alt=\"\" class=\"wp-image-113\" style=\"width:128px;height:auto\" srcset=\"https:\/\/parceiros.projetosintese.com.br\/wp-content\/uploads\/2024\/01\/Global-Insurance.fw_.png 945w, https:\/\/parceiros.projetosintese.com.br\/wp-content\/uploads\/2024\/01\/Global-Insurance.fw_-300x277.png 300w, https:\/\/parceiros.projetosintese.com.br\/wp-content\/uploads\/2024\/01\/Global-Insurance.fw_-768x710.png 768w\" sizes=\"(max-width: 945px) 100vw, 945px\" \/><\/a><\/figure>\n<\/div>\n\n\n\n<div class=\"wp-block-column is-layout-flow wp-block-column-is-layout-flow\"><\/div>\n\n\n\n<div class=\"wp-block-column is-layout-flow wp-block-column-is-layout-flow\"><\/div>\n<\/div>\n","protected":false},"excerpt":{"rendered":"<p>Este \u00e9 um espa\u00e7o totalmente dedicado a voc\u00ea que \u00e9 empres\u00e1rio ou profissional liberal, que valoriza a atividade policial e os membros da seguran\u00e7a p\u00fablica. Somos uma rede com mais de 700 mil servidores distribu\u00eddos por todo o pa\u00eds, e como cidad\u00e3os, consumimos toda gama de produtos e servi\u00e7os, gerando receita, e tamb\u00e9m ajudando a criar renda e empregos na regi\u00e3o que atuamos. Informamos que n\u00e3o pedimos nenhuma contrapartida financeira para o projeto, mas sim, o maior desconto poss\u00edvel para o associado. Seja parceiro do Projeto S\u00edntese e amplie ainda mais sua carteira de clientes. Parceiros<\/p>\n","protected":false},"author":1,"featured_media":0,"parent":0,"menu_order":0,"comment_status":"closed","ping_status":"closed","template":"","meta":{"footnotes":""},"_links":{"self":[{"href":"https:\/\/parceiros.projetosintese.com.br\/index.php\/wp-json\/wp\/v2\/pages\/25"}],"collection":[{"href":"https:\/\/parceiros.projetosintese.com.br\/index.php\/wp-json\/wp\/v2\/pages"}],"about":[{"href":"https:\/\/parceiros.projetosintese.com.br\/index.php\/wp-json\/wp\/v2\/types\/page"}],"author":[{"embeddable":true,"href":"https:\/\/parceiros.projetosintese.com.br\/index.php\/wp-json\/wp\/v2\/users\/1"}],"replies":[{"embeddable":true,"href":"https:\/\/parceiros.projetosintese.com.br\/index.php\/wp-json\/wp\/v2\/comments?post=25"}],"version-history":[{"count":7,"href":"https:\/\/parceiros.projetosintese.com.br\/index.php\/wp-json\/wp\/v2\/pages\/25\/revisions"}],"predecessor-version":[{"id":116,"href":"https:\/\/parceiros.projetosintese.com.br\/index.php\/wp-json\/wp\/v2\/pages\/25\/revisions\/116"}],"wp:attachment":[{"href":"https:\/\/parceiros.projetosintese.com.br\/index.php\/wp-json\/wp\/v2\/media?parent=25"}],"curies":[{"name":"wp","href":"https:\/\/api.w.org\/{rel}","templated":true}]}}